{"id":10731,"date":"2025-06-25T13:43:55","date_gmt":"2025-06-25T10:43:55","guid":{"rendered":"https:\/\/cakirestoran.com\/?page_id=10731"},"modified":"2025-06-26T10:11:19","modified_gmt":"2025-06-26T07:11:19","slug":"kariyer","status":"publish","type":"page","link":"https:\/\/cakirestoran.com\/en\/kariyer\/","title":{"rendered":"Kariyer"},"content":{"rendered":"\t\t<div data-elementor-type=\"wp-page\" data-elementor-id=\"10731\" class=\"elementor elementor-10731\" data-elementor-settings=\"{&quot;element_pack_global_tooltip_width&quot;:{&quot;unit&quot;:&quot;px&quot;,&quot;size&quot;:&quot;&quot;,&quot;sizes&quot;:[]},&quot;element_pack_global_tooltip_width_tablet&quot;:{&quot;unit&quot;:&quot;px&quot;,&quot;size&quot;:&quot;&quot;,&quot;sizes&quot;:[]},&quot;element_pack_global_tooltip_width_mobile&quot;:{&quot;unit&quot;:&quot;px&quot;,&quot;size&quot;:&quot;&quot;,&quot;sizes&quot;:[]},&quot;element_pack_global_tooltip_padding&quot;:{&quot;unit&quot;:&quot;px&quot;,&quot;top&quot;:&quot;&quot;,&quot;right&quot;:&quot;&quot;,&quot;bottom&quot;:&quot;&quot;,&quot;left&quot;:&quot;&quot;,&quot;isLinked&quot;:true},&quot;element_pack_global_tooltip_padding_tablet&quot;:{&quot;unit&quot;:&quot;px&quot;,&quot;top&quot;:&quot;&quot;,&quot;right&quot;:&quot;&quot;,&quot;bottom&quot;:&quot;&quot;,&quot;left&quot;:&quot;&quot;,&quot;isLinked&quot;:true},&quot;element_pack_global_tooltip_padding_mobile&quot;:{&quot;unit&quot;:&quot;px&quot;,&quot;top&quot;:&quot;&quot;,&quot;right&quot;:&quot;&quot;,&quot;bottom&quot;:&quot;&quot;,&quot;left&quot;:&quot;&quot;,&quot;isLinked&quot;:true},&quot;element_pack_global_tooltip_border_radius&quot;:{&quot;unit&quot;:&quot;px&quot;,&quot;top&quot;:&quot;&quot;,&quot;right&quot;:&quot;&quot;,&quot;bottom&quot;:&quot;&quot;,&quot;left&quot;:&quot;&quot;,&quot;isLinked&quot;:true},&quot;element_pack_global_tooltip_border_radius_tablet&quot;:{&quot;unit&quot;:&quot;px&quot;,&quot;top&quot;:&quot;&quot;,&quot;right&quot;:&quot;&quot;,&quot;bottom&quot;:&quot;&quot;,&quot;left&quot;:&quot;&quot;,&quot;isLinked&quot;:true},&quot;element_pack_global_tooltip_border_radius_mobile&quot;:{&quot;unit&quot;:&quot;px&quot;,&quot;top&quot;:&quot;&quot;,&quot;right&quot;:&quot;&quot;,&quot;bottom&quot;:&quot;&quot;,&quot;left&quot;:&quot;&quot;,&quot;isLinked&quot;:true}}\" data-elementor-post-type=\"page\">\n\t\t\t\t<div class=\"elementor-element elementor-element-2bde483 e-flex e-con-boxed e-con e-parent\" data-id=\"2bde483\" data-element_type=\"container\" data-settings=\"{&quot;background_background&quot;:&quot;classic&quot;,&quot;jet_parallax_layout_list&quot;:[],&quot;ekit_has_onepagescroll_dot&quot;:&quot;yes&quot;}\">\n\t\t\t\t\t<div class=\"e-con-inner\">\n\t\t\t\t\t<\/div>\n\t\t\t\t<\/div>\n\t\t<div class=\"elementor-element elementor-element-2ca0b63 e-flex e-con-boxed e-con e-parent\" data-id=\"2ca0b63\" data-element_type=\"container\" data-settings=\"{&quot;jet_parallax_layout_list&quot;:[],&quot;ekit_has_onepagescroll_dot&quot;:&quot;yes&quot;}\">\n\t\t\t\t\t<div class=\"e-con-inner\">\n\t\t\t\t<div class=\"elementor-element elementor-element-bdacc43 elementor-widget elementor-widget-heading\" data-id=\"bdacc43\" data-element_type=\"widget\" data-widget_type=\"heading.default\">\n\t\t\t\t\t<h1 class=\"elementor-heading-title elementor-size-default\">\u0130\u015f Ba\u015fvuru Formu<\/h1>\t\t\t\t<\/div>\n\t\t\t\t\t<\/div>\n\t\t\t\t<\/div>\n\t\t<div class=\"elementor-element elementor-element-71657a0 e-flex e-con-boxed e-con e-parent\" data-id=\"71657a0\" data-element_type=\"container\" data-settings=\"{&quot;jet_parallax_layout_list&quot;:[],&quot;ekit_has_onepagescroll_dot&quot;:&quot;yes&quot;}\">\n\t\t\t\t\t<div class=\"e-con-inner\">\n\t\t\t\t<div class=\"elementor-element elementor-element-28c91d1 ekit_wpForms_container-form-button-full-width elementor-widget elementor-widget-elementskit-wp-forms\" data-id=\"28c91d1\" data-element_type=\"widget\" data-widget_type=\"elementskit-wp-forms.default\">\n\t\t\t\t<div class=\"elementor-widget-container\">\n\t\t\t\t\t<div class=\"ekit-wid-con ekit_wpForms_container\"><div class=\"wpforms-container wpforms-container-full wpforms-render-modern\" id=\"wpforms-10736\"><form id=\"wpforms-form-10736\" class=\"wpforms-validate wpforms-form wpforms-ajax-form\" data-formid=\"10736\" method=\"post\" enctype=\"multipart\/form-data\" action=\"\/en\/wp-json\/wp\/v2\/pages\/10731?wpforms_form_id=10736\" data-token=\"b9cb9466b981fbc74b2eb9cda18dbe21\" data-token-time=\"1777647410\"><noscript class=\"wpforms-error-noscript\">Please enable JavaScript in your browser to complete this form.<\/noscript><div class=\"wpforms-hidden\" id=\"wpforms-error-noscript\">Please enable JavaScript in your browser to complete this form.<\/div><div class=\"wpforms-field-container\"><div id=\"wpforms-10736-field_0-container\" class=\"wpforms-field wpforms-field-name\" data-field-id=\"0\"><fieldset><legend class=\"wpforms-field-label\">\u0130sim <span class=\"wpforms-required-label\" aria-hidden=\"true\">*<\/span><\/legend><div class=\"wpforms-field-row wpforms-field-medium\"><div class=\"wpforms-field-row-block wpforms-first wpforms-one-half\"><input type=\"text\" id=\"wpforms-10736-field_0\" class=\"wpforms-field-name-first wpforms-field-required\" name=\"wpforms[fields][0][first]\" placeholder=\"Ad\" aria-errormessage=\"wpforms-10736-field_0-error\" required><label for=\"wpforms-10736-field_0\" class=\"wpforms-field-sublabel after wpforms-sublabel-hide\">First<\/label><\/div><div class=\"wpforms-field-row-block wpforms-one-half\"><input type=\"text\" id=\"wpforms-10736-field_0-last\" class=\"wpforms-field-name-last wpforms-field-required\" name=\"wpforms[fields][0][last]\" placeholder=\"Soyad\" aria-errormessage=\"wpforms-10736-field_0-last-error\" required><label for=\"wpforms-10736-field_0-last\" class=\"wpforms-field-sublabel after wpforms-sublabel-hide\">Last<\/label><\/div><\/div><\/fieldset><\/div><div id=\"wpforms-10736-field_3-container\" class=\"wpforms-field wpforms-field-phone\" data-field-id=\"3\"><label class=\"wpforms-field-label\" for=\"wpforms-10736-field_3\">Telefon <span class=\"wpforms-required-label\" aria-hidden=\"true\">*<\/span><\/label><input type=\"tel\" id=\"wpforms-10736-field_3\" class=\"wpforms-field-medium wpforms-field-required\" data-rule-int-phone-field=\"true\" name=\"wpforms[fields][3]\" placeholder=\"Telefon Numaran\u0131z\" aria-label=\"Telefon\" aria-errormessage=\"wpforms-10736-field_3-error\" required><\/div><div id=\"wpforms-10736-field_9-container\" class=\"wpforms-field wpforms-field-date-time\" data-field-id=\"9\"><label class=\"wpforms-field-label\" for=\"wpforms-10736-field_9\">Do\u011fum Tarihi <span class=\"wpforms-required-label\" aria-hidden=\"true\">*<\/span><\/label><div class=\"wpforms-datepicker-wrap\"><input type=\"text\" id=\"wpforms-10736-field_9\" class=\"wpforms-field-date-time-date wpforms-datepicker wpforms-field-required wpforms-field-medium\" data-date-format=\"F j, Y\" data-disable-past-dates=\"0\" data-input=\"true\" name=\"wpforms[fields][9][date]\" placeholder=\"Do\u011fum Tarihiniz\" aria-errormessage=\"wpforms-10736-field_9-error\" required><a title=\"Clear Date\" data-clear class=\"wpforms-datepicker-clear\" style=\"display:none;\"><\/a><\/div><\/div><div id=\"wpforms-10736-field_15-container\" class=\"wpforms-field wpforms-field-content\" data-field-id=\"15\"><div id=\"wpforms-10736-field_15\" class=\"wpforms-field-medium wpforms-field-row\" aria-errormessage=\"wpforms-10736-field_15-error\"><h4>\u0130kamet Adresi<\/h4>\n<div class=\"wpforms-field-content-display-frontend-clear\"><\/div><\/div><\/div><div id=\"wpforms-10736-field_11-container\" class=\"wpforms-field wpforms-field-layout\" data-field-id=\"11\"><div class=\"wpforms-field-layout-rows wpforms-field-large\"><div class=\"wpforms-layout-row\"><div class=\"wpforms-layout-column wpforms-layout-column-50\"><div id=\"wpforms-10736-field_13-container\" class=\"wpforms-field wpforms-field-text\" data-field-id=\"13\"><label class=\"wpforms-field-label wpforms-label-hide\" for=\"wpforms-10736-field_13\" aria-hidden=\"false\">\u0130l <span class=\"wpforms-required-label\" aria-hidden=\"true\">*<\/span><\/label><input type=\"text\" id=\"wpforms-10736-field_13\" class=\"wpforms-field-medium wpforms-field-required wpforms-limit-characters-enabled\" data-form-id=\"10736\" data-field-id=\"13\" data-text-limit=\"20\" name=\"wpforms[fields][13]\" placeholder=\"\u0130l\" aria-errormessage=\"wpforms-10736-field_13-error\" maxlength=\"20\" required><\/div><\/div><div class=\"wpforms-layout-column wpforms-layout-column-50\"><div id=\"wpforms-10736-field_14-container\" class=\"wpforms-field wpforms-field-text\" data-field-id=\"14\"><label class=\"wpforms-field-label wpforms-label-hide\" for=\"wpforms-10736-field_14\" aria-hidden=\"false\">\u0130l\u00e7e <span class=\"wpforms-required-label\" aria-hidden=\"true\">*<\/span><\/label><input type=\"text\" id=\"wpforms-10736-field_14\" class=\"wpforms-field-medium wpforms-field-required wpforms-limit-characters-enabled\" data-form-id=\"10736\" data-field-id=\"14\" data-text-limit=\"20\" name=\"wpforms[fields][14]\" placeholder=\"\u0130l\u00e7e\" aria-errormessage=\"wpforms-10736-field_14-error\" maxlength=\"20\" required><\/div><\/div><\/div><\/div><\/div><div id=\"wpforms-10736-field_18-container\" class=\"wpforms-field wpforms-field-select wpforms-field-select-style-classic\" data-field-id=\"18\"><label class=\"wpforms-field-label\" for=\"wpforms-10736-field_18\">\u00c7al\u0131\u015fma Tipi Tercihi <\/label><select id=\"wpforms-10736-field_18\" class=\"wpforms-field-medium\" name=\"wpforms[fields][18]\"><option value=\"Tam Zamanl\u0131\" >Tam Zamanl\u0131<\/option><option value=\"Yar\u0131 Zamanl\u0131\" >Yar\u0131 Zamanl\u0131<\/option><option value=\"D\u00f6nemsel\" >D\u00f6nemsel<\/option><option value=\"Staj\" >Staj<\/option><\/select><\/div><div id=\"wpforms-10736-field_19-container\" class=\"wpforms-field wpforms-field-select wpforms-field-select-style-classic\" data-field-id=\"19\"><label class=\"wpforms-field-label\" for=\"wpforms-10736-field_19\">E\u011fitim Durumu <\/label><select id=\"wpforms-10736-field_19\" class=\"wpforms-field-medium\" name=\"wpforms[fields][19]\"><option value=\"\u0130lkokul\" >\u0130lkokul<\/option><option value=\"Ortaokul\" >Ortaokul<\/option><option value=\"Lise\" >Lise<\/option><option value=\"\u00d6nlisans\" >\u00d6nlisans<\/option><option value=\"Lisans\" >Lisans<\/option><\/select><\/div><div id=\"wpforms-10736-field_17-container\" class=\"wpforms-field wpforms-field-select wpforms-field-select-style-classic\" data-field-id=\"17\"><label class=\"wpforms-field-label\" for=\"wpforms-10736-field_17\">Ba\u015fvurmak istedi\u011finiz pozisyon <span class=\"wpforms-required-label\" aria-hidden=\"true\">*<\/span><\/label><select id=\"wpforms-10736-field_17\" class=\"wpforms-field-medium wpforms-field-required\" name=\"wpforms[fields][17]\" required=\"required\"><option value=\"A\u015f\u00e7\u0131ba\u015f\u0131\" >A\u015f\u00e7\u0131ba\u015f\u0131<\/option><option value=\"Demi \u015eef\" >Demi \u015eef<\/option><option value=\"A\u015f\u00e7\u0131 (S\u0131cak)\" >A\u015f\u00e7\u0131 (S\u0131cak)<\/option><option value=\"A\u015f\u00e7\u0131 (So\u011fuk\/Meze\/Kahvalt\u0131)\" >A\u015f\u00e7\u0131 (So\u011fuk\/Meze\/Kahvalt\u0131)<\/option><option value=\"Izgara Ustas\u0131\" >Izgara Ustas\u0131<\/option><option value=\"Pide\/Lahmacun Ustas\u0131\" >Pide\/Lahmacun Ustas\u0131<\/option><option value=\"Yard\u0131mc\u0131 A\u015f\u00e7\u0131 (\u00c7\u0131rak, Stey\u015f\u0131n Yard\u0131mc\u0131s\u0131)\" >Yard\u0131mc\u0131 A\u015f\u00e7\u0131 (\u00c7\u0131rak, Stey\u015f\u0131n Yard\u0131mc\u0131s\u0131)<\/option><option value=\"Bula\u015f\u0131khane Personeli\" >Bula\u015f\u0131khane Personeli<\/option><option value=\"\u015eef Garson\" >\u015eef Garson<\/option><option value=\"Garson\" >Garson<\/option><option value=\"Komi\" >Komi<\/option><option value=\"Barista\" >Barista<\/option><option value=\"Kar\u015f\u0131lama Hostesi\" >Kar\u015f\u0131lama Hostesi<\/option><option value=\"Destek Personeli\" >Destek Personeli<\/option><option value=\"Temizlik Personeli\" >Temizlik Personeli<\/option><option value=\"Di\u011fer..\" >Di\u011fer..<\/option><\/select><\/div><div id=\"wpforms-10736-field_36-container\" class=\"wpforms-field wpforms-field-layout\" data-field-id=\"36\"><h3 class=\"wpforms-field-label\">\n\t\t\t\t\u0130\u015f Deneyimleri  (L\u00fctfen yaln\u0131zca son 5 i\u015fyerinizi s\u0131ras\u0131yla belirtiniz)\n\t\t\t<\/h3><div class=\"wpforms-field-layout-columns wpforms-field-layout-preset-33-33-33\"><div class=\"wpforms-layout-column wpforms-layout-column-33\" ><div id=\"wpforms-10736-field_37-container\" class=\"wpforms-field wpforms-field-text\" data-field-id=\"37\"><label class=\"wpforms-field-label\" for=\"wpforms-10736-field_37\">Firma Ad\u0131<\/label><input type=\"text\" id=\"wpforms-10736-field_37\" class=\"wpforms-field-medium\" name=\"wpforms[fields][37]\" aria-errormessage=\"wpforms-10736-field_37-error\" ><\/div><div id=\"wpforms-10736-field_40-container\" class=\"wpforms-field wpforms-field-text\" data-field-id=\"40\"><label class=\"wpforms-field-label wpforms-label-hide\" for=\"wpforms-10736-field_40\" aria-hidden=\"false\">Firma Ad\u0131 2<\/label><input type=\"text\" id=\"wpforms-10736-field_40\" class=\"wpforms-field-medium\" name=\"wpforms[fields][40]\" aria-errormessage=\"wpforms-10736-field_40-error\" ><\/div><div id=\"wpforms-10736-field_41-container\" class=\"wpforms-field wpforms-field-text\" data-field-id=\"41\"><label class=\"wpforms-field-label wpforms-label-hide\" for=\"wpforms-10736-field_41\" aria-hidden=\"false\">Firma Ad\u0131 3<\/label><input type=\"text\" id=\"wpforms-10736-field_41\" class=\"wpforms-field-medium\" name=\"wpforms[fields][41]\" aria-errormessage=\"wpforms-10736-field_41-error\" ><\/div><div id=\"wpforms-10736-field_42-container\" class=\"wpforms-field wpforms-field-text\" data-field-id=\"42\"><label class=\"wpforms-field-label wpforms-label-hide\" for=\"wpforms-10736-field_42\" aria-hidden=\"false\">Firma Ad\u0131 4<\/label><input type=\"text\" id=\"wpforms-10736-field_42\" class=\"wpforms-field-medium\" name=\"wpforms[fields][42]\" aria-errormessage=\"wpforms-10736-field_42-error\" ><\/div><div id=\"wpforms-10736-field_43-container\" class=\"wpforms-field wpforms-field-text\" data-field-id=\"43\"><label class=\"wpforms-field-label wpforms-label-hide\" for=\"wpforms-10736-field_43\" aria-hidden=\"false\">Firma Ad\u0131 4<\/label><input type=\"text\" id=\"wpforms-10736-field_43\" class=\"wpforms-field-medium\" name=\"wpforms[fields][43]\" aria-errormessage=\"wpforms-10736-field_43-error\" ><\/div><\/div><div class=\"wpforms-layout-column wpforms-layout-column-33\" ><div id=\"wpforms-10736-field_38-container\" class=\"wpforms-field wpforms-field-text\" data-field-id=\"38\"><label class=\"wpforms-field-label\" for=\"wpforms-10736-field_38\">Pozisyon<\/label><input type=\"text\" id=\"wpforms-10736-field_38\" class=\"wpforms-field-medium\" name=\"wpforms[fields][38]\" aria-errormessage=\"wpforms-10736-field_38-error\" ><\/div><div id=\"wpforms-10736-field_44-container\" class=\"wpforms-field wpforms-field-text\" data-field-id=\"44\"><label class=\"wpforms-field-label wpforms-label-hide\" for=\"wpforms-10736-field_44\" aria-hidden=\"false\">Pozisyon 2<\/label><input type=\"text\" id=\"wpforms-10736-field_44\" class=\"wpforms-field-medium\" name=\"wpforms[fields][44]\" aria-errormessage=\"wpforms-10736-field_44-error\" ><\/div><div id=\"wpforms-10736-field_45-container\" class=\"wpforms-field wpforms-field-text\" data-field-id=\"45\"><label class=\"wpforms-field-label wpforms-label-hide\" for=\"wpforms-10736-field_45\" aria-hidden=\"false\">Pozisyon 3<\/label><input type=\"text\" id=\"wpforms-10736-field_45\" class=\"wpforms-field-medium\" name=\"wpforms[fields][45]\" aria-errormessage=\"wpforms-10736-field_45-error\" ><\/div><div id=\"wpforms-10736-field_46-container\" class=\"wpforms-field wpforms-field-text\" data-field-id=\"46\"><label class=\"wpforms-field-label wpforms-label-hide\" for=\"wpforms-10736-field_46\" aria-hidden=\"false\">Pozisyon 4<\/label><input type=\"text\" id=\"wpforms-10736-field_46\" class=\"wpforms-field-medium\" name=\"wpforms[fields][46]\" aria-errormessage=\"wpforms-10736-field_46-error\" ><\/div><div id=\"wpforms-10736-field_47-container\" class=\"wpforms-field wpforms-field-text\" data-field-id=\"47\"><label class=\"wpforms-field-label wpforms-label-hide\" for=\"wpforms-10736-field_47\" aria-hidden=\"false\">Pozisyon 5<\/label><input type=\"text\" id=\"wpforms-10736-field_47\" class=\"wpforms-field-medium\" name=\"wpforms[fields][47]\" aria-errormessage=\"wpforms-10736-field_47-error\" ><\/div><\/div><div class=\"wpforms-layout-column wpforms-layout-column-33\" ><div id=\"wpforms-10736-field_39-container\" class=\"wpforms-field wpforms-field-text\" data-field-id=\"39\"><label class=\"wpforms-field-label\" for=\"wpforms-10736-field_39\">\u00c7al\u0131\u015fma S\u00fcresi<\/label><input type=\"text\" id=\"wpforms-10736-field_39\" class=\"wpforms-field-medium\" name=\"wpforms[fields][39]\" aria-errormessage=\"wpforms-10736-field_39-error\" ><\/div><div id=\"wpforms-10736-field_48-container\" class=\"wpforms-field wpforms-field-text\" data-field-id=\"48\"><label class=\"wpforms-field-label wpforms-label-hide\" for=\"wpforms-10736-field_48\" aria-hidden=\"false\">\u00c7al\u0131\u015fma S\u00fcresi 2<\/label><input type=\"text\" id=\"wpforms-10736-field_48\" class=\"wpforms-field-medium\" name=\"wpforms[fields][48]\" aria-errormessage=\"wpforms-10736-field_48-error\" ><\/div><div id=\"wpforms-10736-field_49-container\" class=\"wpforms-field wpforms-field-text\" data-field-id=\"49\"><label class=\"wpforms-field-label wpforms-label-hide\" for=\"wpforms-10736-field_49\" aria-hidden=\"false\">\u00c7al\u0131\u015fma S\u00fcresi 3<\/label><input type=\"text\" id=\"wpforms-10736-field_49\" class=\"wpforms-field-medium\" name=\"wpforms[fields][49]\" aria-errormessage=\"wpforms-10736-field_49-error\" ><\/div><div id=\"wpforms-10736-field_50-container\" class=\"wpforms-field wpforms-field-text\" data-field-id=\"50\"><label class=\"wpforms-field-label wpforms-label-hide\" for=\"wpforms-10736-field_50\" aria-hidden=\"false\">\u00c7al\u0131\u015fma S\u00fcresi 4<\/label><input type=\"text\" id=\"wpforms-10736-field_50\" class=\"wpforms-field-medium\" name=\"wpforms[fields][50]\" aria-errormessage=\"wpforms-10736-field_50-error\" ><\/div><div id=\"wpforms-10736-field_51-container\" class=\"wpforms-field wpforms-field-text\" data-field-id=\"51\"><label class=\"wpforms-field-label wpforms-label-hide\" for=\"wpforms-10736-field_51\" aria-hidden=\"false\">\u00c7al\u0131\u015fma S\u00fcresi 5<\/label><input type=\"text\" id=\"wpforms-10736-field_51\" class=\"wpforms-field-medium\" name=\"wpforms[fields][51]\" aria-errormessage=\"wpforms-10736-field_51-error\" ><\/div><\/div><\/div><\/div><div id=\"wpforms-10736-field_7-container\" class=\"wpforms-field wpforms-field-file-upload\" data-field-id=\"7\"><label class=\"wpforms-field-label\" for=\"wpforms-10736-field_7\">\u00d6zge\u00e7mi\u015f y\u00fckleme (pdf veya Word dosyas\u0131)<\/label><div\n\t\tclass=\"wpforms-uploader\"\n\t\tdata-field-id=\"7\"\n\t\tdata-form-id=\"10736\"\n\t\tdata-input-name=\"wpforms_10736_7\"\n\t\tdata-extensions=\"pdf,doc,docx\"\n\t\tdata-max-size=\"15728640\"\n\t\tdata-max-file-number=\"1\"\n\t\tdata-post-max-size=\"314572800\"\n\t\tdata-max-parallel-uploads=\"4\"\n\t\tdata-parallel-uploads=\"true\"\n\t\tdata-file-chunk-size=\"2097152\">\n\t<div class=\"dz-message\">\n\t\t<svg viewBox=\"0 0 1024 1024\" focusable=\"false\" data-icon=\"inbox\" width=\"50px\" height=\"50px\" fill=\"currentColor\" aria-hidden=\"true\">\n\t\t\t<path d=\"M885.2 446.3l-.2-.8-112.2-285.1c-5-16.1-19.9-27.2-36.8-27.2H281.2c-17 0-32.1 11.3-36.9 27.6L139.4 443l-.3.7-.2.8c-1.3 4.9-1.7 9.9-1 14.8-.1 1.6-.2 3.2-.2 4.8V830a60.9 60.9 0 0 0 60.8 60.8h627.2c33.5 0 60.8-27.3 60.9-60.8V464.1c0-1.3 0-2.6-.1-3.7.4-4.9 0-9.6-1.3-14.1zm-295.8-43l-.3 15.7c-.8 44.9-31.8 75.1-77.1 75.1-22.1 0-41.1-7.1-54.8-20.6S436 441.2 435.6 419l-.3-15.7H229.5L309 210h399.2l81.7 193.3H589.4zm-375 76.8h157.3c24.3 57.1 76 90.8 140.4 90.8 33.7 0 65-9.4 90.3-27.2 22.2-15.6 39.5-37.4 50.7-63.6h156.5V814H214.4V480.1z\"><\/path>\n\t\t<\/svg>\n\t\t<span class=\"modern-title\">Click or drag a file to this area to upload.<\/span>\n\n\t\t\t<\/div>\n<\/div>\n<input\n\t\ttype=\"text\"\n\t\tautocomplete=\"off\"\n\t\treadonly\n\t\tclass=\"dropzone-input\"\n\t\tstyle=\"position:absolute!important;clip:rect(0,0,0,0)!important;height:1px!important;width:1px!important;border:0!important;overflow:hidden!important;padding:0!important;margin:0!important;\"\n\t\tid=\"wpforms-10736-field_7\"\n\t\tname=\"wpforms_10736_7\" \t\tvalue=\"\">\n<\/div><div id=\"wpforms-10736-field_2-container\" class=\"wpforms-field wpforms-field-textarea\" data-field-id=\"2\"><label class=\"wpforms-field-label\" for=\"wpforms-10736-field_2\">Ek bilgiler<\/label><textarea id=\"wpforms-10736-field_2\" class=\"wpforms-field-medium\" name=\"wpforms[fields][2]\" aria-errormessage=\"wpforms-10736-field_2-error\" ><\/textarea><\/div><div id=\"wpforms-10736-field_27-container\" class=\"wpforms-field wpforms-field-gdpr-checkbox\" data-field-id=\"27\"><label class=\"wpforms-field-label\">KVKK Onay\u0131 <span class=\"wpforms-required-label\" aria-hidden=\"true\">*<\/span><\/label><ul id=\"wpforms-10736-field_27\" class=\"wpforms-field-required\"><li class=\"choice-1\"><input type=\"checkbox\" id=\"wpforms-10736-field_27_1\" name=\"wpforms[fields][27][]\" value=\"\u0130\u015f ba\u015fvurumun de\u011ferlendirilmesi amac\u0131yla &lt;a style=&quot;font-weight: bold; text-decoration: underline;&quot; href=&quot;https:\/\/cakirestoran.com\/kvkk&quot; target=&quot;_blank&quot; rel=&quot;noopener noreferrer&quot;&gt;Ayd\u0131nlatma Metni\u2019ni&lt;\/a&gt; okudum, anlad\u0131m ve kabul ediyorum.\" aria-errormessage=\"wpforms-10736-field_27_1-error\" required ><label class=\"wpforms-field-label-inline\" for=\"wpforms-10736-field_27_1\">\u0130\u015f ba\u015fvurumun de\u011ferlendirilmesi amac\u0131yla <a style=\"font-weight: bold;text-decoration: underline\" href=\"https:\/\/cakirestoran.com\/kvkk\" target=\"_blank\" rel=\"noopener noreferrer\">Ayd\u0131nlatma Metni\u2019ni<\/a> okudum, anlad\u0131m ve kabul ediyorum.<\/label><\/li><\/ul><\/div><\/div><!-- .wpforms-field-container --><div class=\"wpforms-submit-container\" ><input type=\"hidden\" name=\"wpforms[id]\" value=\"10736\"><input type=\"hidden\" name=\"page_title\" value=\"\"><input type=\"hidden\" name=\"page_url\" value=\"https:\/\/cakirestoran.com\/en\/wp-json\/wp\/v2\/pages\/10731\">\t\t<div id=\"cf-turnstile-wpf-945221030\"\r\n\t\tclass=\"cf-turnstile\" \t\tdata-sitekey=\"0x4AAAAAAAxNztdhPujMLIz9\"\r\n\t\tdata-theme=\"light\"\r\n\t\tdata-language=\"auto\"\r\n\t\tdata-size=\"flexible\"\r\n\t\tdata-retry=\"auto\" data-retry-interval=\"1000\"\r\n\t\tdata-refresh-expired=\"auto\"\r\n\t\tdata-refresh-timeout=\"auto\"\r\n\t\tdata-action=\"wpforms-10736\"\r\n\t\tdata-callback=\"turnstileWPFCallback\"\r\n\t\t\t\tdata-appearance=\"always\"><\/div>\r\n\t\t\t<script>document.addEventListener(\"DOMContentLoaded\", function() { setTimeout(function(){ var e=document.getElementById(\"cf-turnstile-wpf-945221030\"); if(e&&!e.innerHTML.trim()){turnstile.render(e, {sitekey:\"0x4AAAAAAAxNztdhPujMLIz9\"});} }, 200); });<\/script>\r\n\t\t\t<br class=\"cf-turnstile-br cf-turnstile-br-wpf-945221030\">\r\n\t\t\t\t<style>#cf-turnstile-wpf-945221030 { margin-left: -15px; }<\/style>\r\n\t\t<button type=\"submit\" name=\"wpforms[submit]\" id=\"wpforms-submit-10736\" class=\"wpforms-submit\" data-alt-text=\"G\u00f6nderiliyor...\" data-submit-text=\"G\u00d6NDER\" aria-live=\"assertive\" value=\"wpforms-submit\">G\u00d6NDER<\/button><img decoding=\"async\" src=\"https:\/\/cakirestoran.com\/wp-content\/plugins\/wpforms\/assets\/images\/submit-spin.svg\" class=\"wpforms-submit-spinner\" style=\"display: none;\" width=\"26\" height=\"26\" alt=\"Loading\"><\/div><\/form><\/div>  <!-- .wpforms-container --><\/div>\t\t\t\t<\/div>\n\t\t\t\t<\/div>\n\t\t\t\t\t<\/div>\n\t\t\t\t<\/div>\n\t\t\t\t<\/div>\n\t\t","protected":false},"excerpt":{"rendered":"<p>\u0130\u015f Ba\u015fvuru Formu Please enable JavaScript in your browser to complete this form.Please enable JavaScript in your browser to complete this form. \u0130sim * FirstLast Telefon * Do\u011fum Tarihi * \u0130kamet Adresi \u0130l *\u0130l\u00e7e *\u00c7al\u0131\u015fma Tipi Tercihi Tam Zamanl\u0131Yar\u0131 Zamanl\u0131D\u00f6nemselStajE\u011fitim Durumu \u0130lkokulOrtaokulLise\u00d6nlisansLisansBa\u015fvurmak istedi\u011finiz pozisyon *A\u015f\u00e7\u0131ba\u015f\u0131Demi \u015eefA\u015f\u00e7\u0131 (S\u0131cak)A\u015f\u00e7\u0131 (So\u011fuk\/Meze\/Kahvalt\u0131)Izgara Ustas\u0131Pide\/Lahmacun Ustas\u0131Yard\u0131mc\u0131 A\u015f\u00e7\u0131 (\u00c7\u0131rak, Stey\u015f\u0131n Yard\u0131mc\u0131s\u0131)Bula\u015f\u0131khane Personeli\u015eef &#8230;<\/p>","protected":false},"author":1,"featured_media":0,"parent":0,"menu_order":0,"comment_status":"closed","ping_status":"closed","template":"elementor_header_footer","meta":{"patiotime_single_page_hide_site_header":"","patiotime_single_page_site_header_source":"","patiotime_single_page_custom_site_header":"","patiotime_single_page_custom_sticky_site_header":"","patiotime_single_page_hide_page_title":"","patiotime_single_page_header_section_size":"","patiotime_single_page_header_background_color":"","patiotime_single_page_header_background_position_x":"center","patiotime_single_page_header_background_position_y":"center","patiotime_single_page_header_background_size":"cover","patiotime_single_page_header_background_repeat":"off","patiotime_single_page_header_background_scroll":"on","patiotime_single_page_header_text_color":"","patiotime_single_page_header_show_breadcrumb":"","patiotime_single_page_site_footer_hide_main":"","patiotime_single_custom_site_footer_main_source":"","patiotime_single_custom_site_footer_main":"","patiotime_single_page_site_footer_hide_above":"","patiotime_single_custom_site_footer_above_source":"","patiotime_single_custom_site_footer_above":"","patiotime_single_page_site_footer_hide_instagram":"","patiotime_single_page_site_footer_hide_bottom":"","patiotime_single_custom_mobile_menu_source":"","patiotime_single_custom_mobile_menu":"","patiotime_single_custom_mobile_menu_animation":"","patiotime_single_custom_mobile_menu_width":"","patiotime_single_custom_mobile_menu_custom_width":375,"footnotes":""},"class_list":["post-10731","page","type-page","status-publish","hentry"],"_links":{"self":[{"href":"https:\/\/cakirestoran.com\/en\/wp-json\/wp\/v2\/pages\/10731","targetHints":{"allow":["GET"]}}],"collection":[{"href":"https:\/\/cakirestoran.com\/en\/wp-json\/wp\/v2\/pages"}],"about":[{"href":"https:\/\/cakirestoran.com\/en\/wp-json\/wp\/v2\/types\/page"}],"author":[{"embeddable":true,"href":"https:\/\/cakirestoran.com\/en\/wp-json\/wp\/v2\/users\/1"}],"replies":[{"embeddable":true,"href":"https:\/\/cakirestoran.com\/en\/wp-json\/wp\/v2\/comments?post=10731"}],"version-history":[{"count":22,"href":"https:\/\/cakirestoran.com\/en\/wp-json\/wp\/v2\/pages\/10731\/revisions"}],"predecessor-version":[{"id":10801,"href":"https:\/\/cakirestoran.com\/en\/wp-json\/wp\/v2\/pages\/10731\/revisions\/10801"}],"wp:attachment":[{"href":"https:\/\/cakirestoran.com\/en\/wp-json\/wp\/v2\/media?parent=10731"}],"curies":[{"name":"wp","href":"https:\/\/api.w.org\/{rel}","templated":true}]}}