{"id":9871,"date":"2024-12-17T15:59:48","date_gmt":"2024-12-17T12:59:48","guid":{"rendered":"https:\/\/cakirestoran.com\/?page_id=9871"},"modified":"2024-12-18T17:58:03","modified_gmt":"2024-12-18T14:58:03","slug":"restoran","status":"publish","type":"page","link":"https:\/\/cakirestoran.com\/ar\/restoran\/","title":{"rendered":"Restoran"},"content":{"rendered":"<div data-elementor-type=\"wp-page\" data-elementor-id=\"9871\" class=\"elementor elementor-9871\" data-elementor-settings=\"{&quot;element_pack_global_tooltip_width&quot;:{&quot;unit&quot;:&quot;px&quot;,&quot;size&quot;:&quot;&quot;,&quot;sizes&quot;:[]},&quot;element_pack_global_tooltip_width_tablet&quot;:{&quot;unit&quot;:&quot;px&quot;,&quot;size&quot;:&quot;&quot;,&quot;sizes&quot;:[]},&quot;element_pack_global_tooltip_width_mobile&quot;:{&quot;unit&quot;:&quot;px&quot;,&quot;size&quot;:&quot;&quot;,&quot;sizes&quot;:[]},&quot;element_pack_global_tooltip_padding&quot;:{&quot;unit&quot;:&quot;px&quot;,&quot;top&quot;:&quot;&quot;,&quot;right&quot;:&quot;&quot;,&quot;bottom&quot;:&quot;&quot;,&quot;left&quot;:&quot;&quot;,&quot;isLinked&quot;:true},&quot;element_pack_global_tooltip_padding_tablet&quot;:{&quot;unit&quot;:&quot;px&quot;,&quot;top&quot;:&quot;&quot;,&quot;right&quot;:&quot;&quot;,&quot;bottom&quot;:&quot;&quot;,&quot;left&quot;:&quot;&quot;,&quot;isLinked&quot;:true},&quot;element_pack_global_tooltip_padding_mobile&quot;:{&quot;unit&quot;:&quot;px&quot;,&quot;top&quot;:&quot;&quot;,&quot;right&quot;:&quot;&quot;,&quot;bottom&quot;:&quot;&quot;,&quot;left&quot;:&quot;&quot;,&quot;isLinked&quot;:true},&quot;element_pack_global_tooltip_border_radius&quot;:{&quot;unit&quot;:&quot;px&quot;,&quot;top&quot;:&quot;&quot;,&quot;right&quot;:&quot;&quot;,&quot;bottom&quot;:&quot;&quot;,&quot;left&quot;:&quot;&quot;,&quot;isLinked&quot;:true},&quot;element_pack_global_tooltip_border_radius_tablet&quot;:{&quot;unit&quot;:&quot;px&quot;,&quot;top&quot;:&quot;&quot;,&quot;right&quot;:&quot;&quot;,&quot;bottom&quot;:&quot;&quot;,&quot;left&quot;:&quot;&quot;,&quot;isLinked&quot;:true},&quot;element_pack_global_tooltip_border_radius_mobile&quot;:{&quot;unit&quot;:&quot;px&quot;,&quot;top&quot;:&quot;&quot;,&quot;right&quot;:&quot;&quot;,&quot;bottom&quot;:&quot;&quot;,&quot;left&quot;:&quot;&quot;,&quot;isLinked&quot;:true}}\" data-elementor-post-type=\"page\">\n\t\t\t\t<div class=\"elementor-element elementor-element-c43fe4b pt_scroll_y_120 pt-parallax-on-scroll e-con-full e-flex e-con e-parent\" data-id=\"c43fe4b\" data-element_type=\"container\" data-settings=\"{&quot;background_background&quot;:&quot;classic&quot;,&quot;jet_parallax_layout_list&quot;:[],&quot;ekit_has_onepagescroll_dot&quot;:&quot;yes&quot;}\" data-pt-parallax-y=\"120\" style=\"background-image: none;\" data-pt-background-image=\"https:\/\/cakirestoran.com\/wp-content\/uploads\/2024\/12\/image00004.jpeg\">\n\t\t<div class=\"elementor-element elementor-element-2cd0407 dark-color e-con-full e-flex e-con e-child\" data-id=\"2cd0407\" data-element_type=\"container\" data-settings=\"{&quot;jet_parallax_layout_list&quot;:[],&quot;ekit_has_onepagescroll_dot&quot;:&quot;yes&quot;}\">\n\t\t\t\t<div class=\"elementor-element elementor-element-9e4ac73 elementor-widget elementor-widget-pt_title\" data-id=\"9e4ac73\" data-element_type=\"widget\" data-widget_type=\"pt_title.default\">\n\t\t\t\t<div class=\"elementor-widget-container\">\n\t\t\t\t\t\n        <div class=\"pt-title-wrap text-center\">\t            <h1 class=\"pt-title\">\n\t                \u0631\u064a\u0633\u062a\u0648\u0631\u0627\u0646\u064a\u0645\u064a\u0632\t            <\/h1>        <\/div>\t\t\t\t<\/div>\n\t\t\t\t<\/div>\n\t\t\t\t<\/div>\n\t\t\t\t<\/div>\n\t\t<div class=\"elementor-element elementor-element-68ac400 e-flex e-con-boxed e-con e-parent\" data-id=\"68ac400\" data-element_type=\"container\" data-settings=\"{&quot;jet_parallax_layout_list&quot;:[],&quot;ekit_has_onepagescroll_dot&quot;:&quot;yes&quot;}\">\n\t\t\t\t\t<div class=\"e-con-inner\">\n\t\t\t\t<div class=\"elementor-element elementor-element-a3a7669 elementor-widget elementor-widget-ucaddon_uc_tiles_columns_image\" data-id=\"a3a7669\" data-element_type=\"widget\" data-widget_type=\"ucaddon_uc_tiles_columns_image.default\">\n\t\t\t\t<div class=\"elementor-widget-container\">\n\t\t\t\t\t\n<!-- start Masonry &amp; Justified Gallery -->\n\t\t<link id='unitegallery-css' href='https:\/\/cakirestoran.com\/wp-content\/plugins\/unlimited-elements-for-elementor-premium\/assets_libraries\/unitegallery\/css\/unite-gallery.css' type='text\/css' rel='stylesheet' >\n\t\t<link id='uc_ac_assets_file_uc_columns_unite_gallery_css_37416-css' href='https:\/\/cakirestoran.com\/wp-content\/uploads\/ac_assets\/uc_tiles_columns_image\/uc-columns-unite-gallery.css' type='text\/css' rel='stylesheet' >\n\n<style>\/* widget: Masonry &amp; Justified Gallery *\/\n\n\n#wrapperuc_uc_tiles_columns_image_elementor_a3a7669\n{\n  min-height:1px;\n}\n\n<\/style>\n\n<div id=\"wrapperuc_uc_tiles_columns_image_elementor_a3a7669\">\n<div id=\"uc_uc_tiles_columns_image_elementor_a3a7669\" style=\"display:none;\" class=\"uc-items-wrapper\" data-custom-sethtml=\"true\" >\n\n\n<img decoding=\"async\" alt=\"IMGL0240\"\n   src=\"https:\/\/cakirestoran.com\/wp-content\/uploads\/2024\/12\/IMGL0240-768x960.jpg\"\n    data-image=\"https:\/\/cakirestoran.com\/wp-content\/uploads\/2024\/12\/IMGL0240-819x1024.jpg\"\n    data-title=\"IMGL0240\">\n\n<img decoding=\"async\" alt=\"IMGL0195\"\n   src=\"https:\/\/cakirestoran.com\/wp-content\/uploads\/2024\/12\/IMGL0195-768x960.jpg\"\n    data-image=\"https:\/\/cakirestoran.com\/wp-content\/uploads\/2024\/12\/IMGL0195-819x1024.jpg\"\n    data-title=\"IMGL0195\">\n\n<img decoding=\"async\" alt=\"IMGL0176\"\n   src=\"https:\/\/cakirestoran.com\/wp-content\/uploads\/2024\/12\/IMGL0176-768x1152.jpg\"\n    data-image=\"https:\/\/cakirestoran.com\/wp-content\/uploads\/2024\/12\/IMGL0176-683x1024.jpg\"\n    data-title=\"IMGL0176\">\n\n<img decoding=\"async\" alt=\"image00009\"\n   src=\"https:\/\/cakirestoran.com\/wp-content\/uploads\/2024\/12\/image00009-1-768x1152.jpeg\"\n    data-image=\"https:\/\/cakirestoran.com\/wp-content\/uploads\/2024\/12\/image00009-1-683x1024.jpeg\"\n    data-title=\"image00009\">\n\n<img decoding=\"async\" alt=\"image00005\"\n   src=\"https:\/\/cakirestoran.com\/wp-content\/uploads\/2024\/12\/image00005-1-768x512.jpeg\"\n    data-image=\"https:\/\/cakirestoran.com\/wp-content\/uploads\/2024\/12\/image00005-1-1024x683.jpeg\"\n    data-title=\"image00005\"\n    data-description=\"Masada i\u00e7ecekler, \u00e7atal b\u0131\u00e7ak tak\u0131m\u0131 ve ye\u015fillikler, limon ve domates dilimleri i\u00e7eren bir salata taba\u011f\u0131yla birlikte iki tabak lahmacun. Arka plan yumu\u015fak bir \u015fekilde ayd\u0131nlat\u0131lm\u0131\u015f ve rahat bir yemek atmosferi sa\u011fl\u0131yor.\">\n\n<img decoding=\"async\" alt=\"image00002\"\n   src=\"https:\/\/cakirestoran.com\/wp-content\/uploads\/2024\/12\/image00002-1-768x1152.jpeg\"\n    data-image=\"https:\/\/cakirestoran.com\/wp-content\/uploads\/2024\/12\/image00002-1-683x1024.jpeg\"\n    data-title=\"image00002\">\n\n<img decoding=\"async\" alt=\"image00001\"\n   src=\"https:\/\/cakirestoran.com\/wp-content\/uploads\/2024\/12\/image00001-1-768x512.jpeg\"\n    data-image=\"https:\/\/cakirestoran.com\/wp-content\/uploads\/2024\/12\/image00001-1-1024x683.jpeg\"\n    data-title=\"image00001\">\n\n<img decoding=\"async\" alt=\"WhatsApp Image 2024-10-12 at 14.10\"\n   src=\"https:\/\/cakirestoran.com\/wp-content\/uploads\/2024\/12\/WhatsApp-Image-2024-10-12-at-14.10.35-768x1365.jpeg\"\n    data-image=\"https:\/\/cakirestoran.com\/wp-content\/uploads\/2024\/12\/WhatsApp-Image-2024-10-12-at-14.10.35-576x1024.jpeg\"\n    data-title=\"WhatsApp Image 2024-10-12 at 14.10\">\n\n<img decoding=\"async\" alt=\"IMGL0437\"\n   src=\"https:\/\/cakirestoran.com\/wp-content\/uploads\/2024\/12\/IMGL0437-768x512.jpg\"\n    data-image=\"https:\/\/cakirestoran.com\/wp-content\/uploads\/2024\/12\/IMGL0437-1024x683.jpg\"\n    data-title=\"IMGL0437\">\n\n<img decoding=\"async\" alt=\"IMGL0418\"\n   src=\"https:\/\/cakirestoran.com\/wp-content\/uploads\/2024\/12\/IMGL0418-768x1365.jpg\"\n    data-image=\"https:\/\/cakirestoran.com\/wp-content\/uploads\/2024\/12\/IMGL0418-576x1024.jpg\"\n    data-title=\"IMGL0418\">\n\n<img decoding=\"async\" alt=\"IMGL0378\"\n   src=\"https:\/\/cakirestoran.com\/wp-content\/uploads\/2024\/12\/IMGL0378-768x960.jpg\"\n    data-image=\"https:\/\/cakirestoran.com\/wp-content\/uploads\/2024\/12\/IMGL0378-819x1024.jpg\"\n    data-title=\"IMGL0378\">\n\n<img decoding=\"async\" alt=\"IMGL0299\"\n   src=\"https:\/\/cakirestoran.com\/wp-content\/uploads\/2024\/12\/IMGL0299-768x960.jpg\"\n    data-image=\"https:\/\/cakirestoran.com\/wp-content\/uploads\/2024\/12\/IMGL0299-819x1024.jpg\"\n    data-title=\"IMGL0299\">\n\n<img decoding=\"async\" alt=\"IMGL0321\"\n   src=\"https:\/\/cakirestoran.com\/wp-content\/uploads\/2024\/12\/IMGL0321-768x960.jpg\"\n    data-image=\"https:\/\/cakirestoran.com\/wp-content\/uploads\/2024\/12\/IMGL0321-819x1024.jpg\"\n    data-title=\"IMGL0321\">\n\n<img decoding=\"async\" alt=\"IMGL0326\"\n   src=\"https:\/\/cakirestoran.com\/wp-content\/uploads\/2024\/12\/IMGL0326-768x1365.jpg\"\n    data-image=\"https:\/\/cakirestoran.com\/wp-content\/uploads\/2024\/12\/IMGL0326-576x1024.jpg\"\n    data-title=\"IMGL0326\">\n\n<img decoding=\"async\" alt=\"IMGL0262\"\n   src=\"https:\/\/cakirestoran.com\/wp-content\/uploads\/2024\/12\/IMGL0262-768x960.jpg\"\n    data-image=\"https:\/\/cakirestoran.com\/wp-content\/uploads\/2024\/12\/IMGL0262-819x1024.jpg\"\n    data-title=\"IMGL0262\">\n\n<img decoding=\"async\" alt=\"IMGL0286\"\n   src=\"https:\/\/cakirestoran.com\/wp-content\/uploads\/2024\/12\/IMGL0286-768x1365.jpg\"\n    data-image=\"https:\/\/cakirestoran.com\/wp-content\/uploads\/2024\/12\/IMGL0286-576x1024.jpg\"\n    data-title=\"IMGL0286\">\n\n<img decoding=\"async\" alt=\"IMGL0261\"\n   src=\"https:\/\/cakirestoran.com\/wp-content\/uploads\/2024\/12\/IMGL0261-768x960.jpg\"\n    data-image=\"https:\/\/cakirestoran.com\/wp-content\/uploads\/2024\/12\/IMGL0261-819x1024.jpg\"\n    data-title=\"IMGL0261\">\n\n<img decoding=\"async\" alt=\"IMGL0255\"\n   src=\"https:\/\/cakirestoran.com\/wp-content\/uploads\/2024\/12\/IMGL0255-768x960.jpg\"\n    data-image=\"https:\/\/cakirestoran.com\/wp-content\/uploads\/2024\/12\/IMGL0255-819x1024.jpg\"\n    data-title=\"IMGL0255\">\n\n<img decoding=\"async\" alt=\"IMG_4127\"\n   src=\"https:\/\/cakirestoran.com\/wp-content\/uploads\/2024\/12\/IMG_4127-768x432.png\"\n    data-image=\"https:\/\/cakirestoran.com\/wp-content\/uploads\/2024\/12\/IMG_4127-1024x576.png\"\n    data-title=\"IMG_4127\">\n\n  \n<\/div>\n<\/div>\n<!-- end Masonry & Justified Gallery -->\t\t\t\t<\/div>\n\t\t\t\t<\/div>\n\t\t\t\t\t<\/div>\n\t\t\t\t<\/div>\n\t\t\t\t<\/div>","protected":false},"excerpt":{"rendered":"<p>\u0631\u064a\u0633\u062a\u0648\u0631\u0627\u0646\u064a\u0645\u064a\u0632<\/p>","protected":false},"author":1,"featured_media":0,"parent":0,"menu_order":0,"comment_status":"closed","ping_status":"closed","template":"elementor_header_footer","meta":{"patiotime_single_page_hide_site_header":"","patiotime_single_page_site_header_source":"","patiotime_single_page_custom_site_header":"","patiotime_single_page_custom_sticky_site_header":"","patiotime_single_page_hide_page_title":"on","patiotime_single_page_header_section_size":"","patiotime_single_page_header_background_color":"","patiotime_single_page_header_background_position_x":"center","patiotime_single_page_header_background_position_y":"center","patiotime_single_page_header_background_size":"cover","patiotime_single_page_header_background_repeat":"off","patiotime_single_page_header_background_scroll":"on","patiotime_single_page_header_text_color":"","patiotime_single_page_header_show_breadcrumb":"","patiotime_single_page_site_footer_hide_main":"","patiotime_single_custom_site_footer_main_source":"","patiotime_single_custom_site_footer_main":"","patiotime_single_page_site_footer_hide_above":"","patiotime_single_custom_site_footer_above_source":"","patiotime_single_custom_site_footer_above":"","patiotime_single_page_site_footer_hide_instagram":"","patiotime_single_page_site_footer_hide_bottom":"","patiotime_single_custom_mobile_menu_source":"","patiotime_single_custom_mobile_menu":"","patiotime_single_custom_mobile_menu_animation":"","patiotime_single_custom_mobile_menu_width":"","patiotime_single_custom_mobile_menu_custom_width":375,"footnotes":""},"class_list":["post-9871","page","type-page","status-publish","hentry"],"_links":{"self":[{"href":"https:\/\/cakirestoran.com\/ar\/wp-json\/wp\/v2\/pages\/9871","targetHints":{"allow":["GET"]}}],"collection":[{"href":"https:\/\/cakirestoran.com\/ar\/wp-json\/wp\/v2\/pages"}],"about":[{"href":"https:\/\/cakirestoran.com\/ar\/wp-json\/wp\/v2\/types\/page"}],"author":[{"embeddable":true,"href":"https:\/\/cakirestoran.com\/ar\/wp-json\/wp\/v2\/users\/1"}],"replies":[{"embeddable":true,"href":"https:\/\/cakirestoran.com\/ar\/wp-json\/wp\/v2\/comments?post=9871"}],"version-history":[{"count":0,"href":"https:\/\/cakirestoran.com\/ar\/wp-json\/wp\/v2\/pages\/9871\/revisions"}],"wp:attachment":[{"href":"https:\/\/cakirestoran.com\/ar\/wp-json\/wp\/v2\/media?parent=9871"}],"curies":[{"name":"wp","href":"https:\/\/api.w.org\/{rel}","templated":true}]}}